{"id":534,"date":"2015-07-14T13:55:46","date_gmt":"2015-07-14T13:55:46","guid":{"rendered":"http:\/\/quickbusiness.com\/?page_id=534"},"modified":"2015-08-27T00:36:56","modified_gmt":"2015-08-27T00:36:56","slug":"service-hors-de-ville","status":"publish","type":"page","link":"https:\/\/quickbusiness.com\/fr\/nos-services\/service-hors-de-ville\/","title":{"rendered":"Service Hors de Ville"},"content":{"rendered":"<h3 class=\"col1-a\">Canada \/ E-U \/\u00a0International ( livr\u00e9 le lendemain dans la majorit\u00e9 des villes )<\/h3>\n<ul>\n<li>Pour la majorit\u00e9 des villes au Canada et aux Etats-Unis, la livraison sera ramass\u00e9e le jour m\u00eame avant 16:00 et elle sera livr\u00e9e avant la fin du jour ouvrable suivant<\/li>\n<li>Pour les livraisons \u00e0 l&rsquo;international, le temps de livraison varie. SVP contactez le pr\u00e9pos\u00e9 aux services \u00e0 la client\u00e8le pour de plus amples renseignements<\/li>\n<\/ul>\n<hr \/>\n<h3 class=\"col1-a\">Vol Suivant<\/h3>\n<ul>\n<li>Nous pouvons placer votre envoi sur le prochain vol \u00e0 destination de Toronto ou de Montr\u00e9al et assurer son ramassage ainsi que sa livraison dans ces villes<\/li>\n<\/ul>\n<hr \/>\n<h3 class=\"col1-a\">Service Jour M\u00eame<\/h3>\n<ul>\n<li>La livraison le jour m\u00eame par voiture ou par camion \u00e0 l&rsquo;ext\u00e9rieur de la r\u00e9gion de la Capitale Nationale<\/li>\n<\/ul>\n","protected":false},"excerpt":{"rendered":"<p>Canada \/ E-U \/\u00a0International ( livr\u00e9 le lendemain dans la majorit\u00e9 des villes ) Pour la majorit\u00e9 des villes au Canada et aux Etats-Unis, la livraison sera ramass\u00e9e le jour &hellip; <a href=\"https:\/\/quickbusiness.com\/fr\/nos-services\/service-hors-de-ville\/\">Read more<\/a><\/p>\n","protected":false},"author":3,"featured_media":0,"parent":523,"menu_order":6,"comment_status":"open","ping_status":"open","template":"","meta":[],"acf":[],"_links":{"self":[{"href":"https:\/\/quickbusiness.com\/fr\/wp-json\/wp\/v2\/pages\/534\/"}],"collection":[{"href":"https:\/\/quickbusiness.com\/fr\/wp-json\/wp\/v2\/pages\/"}],"about":[{"href":"https:\/\/quickbusiness.com\/fr\/wp-json\/wp\/v2\/types\/page\/"}],"author":[{"embeddable":true,"href":"https:\/\/quickbusiness.com\/fr\/wp-json\/wp\/v2\/users\/3\/"}],"replies":[{"embeddable":true,"href":"https:\/\/quickbusiness.com\/fr\/wp-json\/wp\/v2\/comments\/?post=534"}],"version-history":[{"count":11,"href":"https:\/\/quickbusiness.com\/fr\/wp-json\/wp\/v2\/pages\/534\/revisions\/"}],"predecessor-version":[{"id":766,"href":"https:\/\/quickbusiness.com\/fr\/wp-json\/wp\/v2\/pages\/534\/revisions\/766\/"}],"up":[{"embeddable":true,"href":"https:\/\/quickbusiness.com\/fr\/wp-json\/wp\/v2\/pages\/523\/"}],"wp:attachment":[{"href":"https:\/\/quickbusiness.com\/fr\/wp-json\/wp\/v2\/media\/?parent=534"}],"curies":[{"name":"wp","href":"https:\/\/api.w.org\/{rel}","templated":true}]}}