{"id":527,"date":"2015-07-14T13:53:08","date_gmt":"2015-07-14T13:53:08","guid":{"rendered":"http:\/\/quickbusiness.com\/?page_id=527"},"modified":"2015-07-18T20:24:41","modified_gmt":"2015-07-18T20:24:41","slug":"service-prevu-pre-arrange","status":"publish","type":"page","link":"https:\/\/quickbusiness.com\/fr\/nos-services\/service-prevu-pre-arrange\/","title":{"rendered":"Service Pr\u00e9vu \/ Pr\u00e9-Arrang\u00e9"},"content":{"rendered":"<p>Le ramassage et la livraison sont planifi\u00e9s \u00e0 une fr\u00e9quence pr\u00e9alablement convenue. Utilisez ce service pour les livraisons entre vos succursales, pour les livraisons quotidiennes et\/ou hebdomadaires \u00e0 votre client\u00e8le, pour le ramassage du courrier, pour la livraison de la paie, etc. A vrai dire, tout ce dont vous avez besoin livr\u00e9 sur un horaire r\u00e9gulier &#8211; quotidien, hebdomadaire, mensuel ou m\u00eame plusieurs fois par jour. Planifiez ce service des mois \u00e0 l&rsquo;avance sans soucis &#8211; nous serons l\u00e0, toujours \u00e0 temps<\/p>\n","protected":false},"excerpt":{"rendered":"<p>Le ramassage et la livraison sont planifi\u00e9s \u00e0 une fr\u00e9quence pr\u00e9alablement convenue. Utilisez ce service pour les livraisons entre vos succursales, pour les livraisons quotidiennes et\/ou hebdomadaires \u00e0 votre client\u00e8le, &hellip; <a href=\"https:\/\/quickbusiness.com\/fr\/nos-services\/service-prevu-pre-arrange\/\">Read more<\/a><\/p>\n","protected":false},"author":3,"featured_media":0,"parent":523,"menu_order":3,"comment_status":"open","ping_status":"closed","template":"","meta":[],"acf":[],"_links":{"self":[{"href":"https:\/\/quickbusiness.com\/fr\/wp-json\/wp\/v2\/pages\/527\/"}],"collection":[{"href":"https:\/\/quickbusiness.com\/fr\/wp-json\/wp\/v2\/pages\/"}],"about":[{"href":"https:\/\/quickbusiness.com\/fr\/wp-json\/wp\/v2\/types\/page\/"}],"author":[{"embeddable":true,"href":"https:\/\/quickbusiness.com\/fr\/wp-json\/wp\/v2\/users\/3\/"}],"replies":[{"embeddable":true,"href":"https:\/\/quickbusiness.com\/fr\/wp-json\/wp\/v2\/comments\/?post=527"}],"version-history":[{"count":4,"href":"https:\/\/quickbusiness.com\/fr\/wp-json\/wp\/v2\/pages\/527\/revisions\/"}],"predecessor-version":[{"id":654,"href":"https:\/\/quickbusiness.com\/fr\/wp-json\/wp\/v2\/pages\/527\/revisions\/654\/"}],"up":[{"embeddable":true,"href":"https:\/\/quickbusiness.com\/fr\/wp-json\/wp\/v2\/pages\/523\/"}],"wp:attachment":[{"href":"https:\/\/quickbusiness.com\/fr\/wp-json\/wp\/v2\/media\/?parent=527"}],"curies":[{"name":"wp","href":"https:\/\/api.w.org\/{rel}","templated":true}]}}