{"id":523,"date":"2015-07-14T13:51:28","date_gmt":"2015-07-14T13:51:28","guid":{"rendered":"http:\/\/quickbusiness.com\/?page_id=523"},"modified":"2015-08-28T13:41:29","modified_gmt":"2015-08-28T13:41:29","slug":"nos-services","status":"publish","type":"page","link":"https:\/\/quickbusiness.com\/fr\/nos-services\/","title":{"rendered":"Nos Services"},"content":{"rendered":"<p>Quick Messenger Service a fourni des services de courrier dans la r\u00e9gion d&rsquo;Ottawa-Gatineau depuis plus de 40 ans et est la plus ancienne et la plus grande entreprise de messagerie dans la region. Avec une grande \u00e9quipe de cyclistes, messagers et le personnel de service \u00e0 la client\u00e8le, Quick Messenger Service donne \u00e0 ses clients la s\u00e9curit\u00e9 et le confort de savoir que nous livrons \u00e0 temps. De la distribution et trajets r\u00e9guliers, \u00e0 l\u2019entreposage, ou la livraison \u00e0 la demande \u00e0 un pr\u00e9avis de moment, Quick Messenger Service est l\u00e0!<\/p>\n<hr \/>\n<h3 class=\"col1-a\">Imm\u00e9diat<\/h3>\n<ul>\n<li class=\"col2-a\">Centre-ville (Ottawa) au centre-ville, \u00e0 livrer dans les 30 minutes de l&rsquo;heure de la commande<\/li>\n<li class=\"col2-a\">Ramass\u00e9 ou livr\u00e9 du centre-ville d&nbsp;&raquo;Ottawa au centre-ville de Gatineau est livr\u00e9 dans les 45minutes<\/li>\n<li class=\"col2-a\"><span style=\"line-height: 1.5;\">En dehors du centre-ville, ramass\u00e9 et livr\u00e9 imm\u00e9diatement<\/span><\/li>\n<\/ul>\n<h3 class=\"col1-a\">PRIORITAIRE<\/h3>\n<ul>\n<li class=\"col2-a\">Livr\u00e9 en 1 heure dans la majorit\u00e9 de la ville (Voir carte des zones de service ci-dessous)<\/li>\n<\/ul>\n<h3>URGENT<\/h3>\n<ul>\n<li class=\"col2-a\">Livr\u00e9 dans les 2 heures dans la majorit\u00e9 de la ville (Voir carte des zones de service ci-dessous)<\/li>\n<\/ul>\n<h3 class=\"col1-a\">ECONOMIE<\/h3>\n<ul>\n<li class=\"col2-a\">Command\u00e9 en avant-midi, il sera livr\u00e9 le m\u00eame apr\u00e8s-midi avant 17h00<\/li>\n<li class=\"col2-a\">Command\u00e9 apr\u00e8s midi, il sera livr\u00e9 le lendemain matin d&rsquo;affaires avant midi<\/li>\n<\/ul>\n<hr \/>\n<h3 class=\"col1-a\">Service Pr\u00e9vu \/ Pr\u00e9-Arrang\u00e9<\/h3>\n<ul>\n<li>Le ramassage et la livraison sont planifi\u00e9s \u00e0 une fr\u00e9quence pr\u00e9alablement convenue. Utilisez ce service pour les livraisons entre vos succursales, pour les livraisons quotidiennes et\/ou hebdomadaires \u00e0 votre client\u00e8le, pour le ramassage du courrier, pour la livraison de la paie, etc. A vrai dire, tout ce dont vous avez besoin livr\u00e9 sur un horaire r\u00e9gulier &#8211; quotidien, hebdomadaire, mensuel ou m\u00eame plusieurs fois par jour. Planifiez ce service des mois \u00e0 l&rsquo;avance sans soucis &#8211; nous serons l\u00e0, toujours \u00e0 temps<\/li>\n<\/ul>\n<hr \/>\n<h3 class=\"col1-a\">Service D\u00e9di\u00e9 pour Flotte<\/h3>\n<ul>\n<li>Avec nos 40 ans d&rsquo;expertise dans le domaine des transports, nous avons les ressources que ce soit le personnel ou les v\u00e9hicules pour g\u00e9rer votre flotte. Ce qui vous permet de vous concentrer sur votre entreprise<\/li>\n<\/ul>\n<hr \/>\n<h3 class=\"col1-a\">Service pour Cargaison \/ Fret<\/h3>\n<ul>\n<li>Pour quelques boites ou de plus grandes charges. Sur une base r\u00e9guli\u00e8re ou sur demande<\/li>\n<\/ul>\n<hr \/>\n<h3 class=\"col1-a\">Canada \/ E-U \/\u00a0International ( livr\u00e9 le lendemain dans la majorit\u00e9 des villes )<\/h3>\n<ul>\n<li>Pour la majorit\u00e9 des villes au Canada et aux Etats-Unis, la livraison sera ramass\u00e9e le jour m\u00eame avant 16:00 et elle sera livr\u00e9e avant la fin du jour ouvrable suivant<\/li>\n<li>Pour les livraisons \u00e0 l&rsquo;international, le temps de livraison varie. SVP contactez le pr\u00e9pos\u00e9 aux services \u00e0 la client\u00e8le pour de plus amples renseignements<\/li>\n<\/ul>\n<h3 class=\"col1-a\">Vol Suivant<\/h3>\n<ul>\n<li>Nous pouvons placer votre envoi sur le prochain vol \u00e0 destination de Toronto ou de Montr\u00e9al et assurer son ramassage ainsi que sa livraison dans ces villes<\/li>\n<\/ul>\n<h3 class=\"col1-a\">Service Jour M\u00eame<\/h3>\n<ul>\n<li>La livraison le jour m\u00eame par voiture ou par camion \u00e0 l&rsquo;ext\u00e9rieur de la r\u00e9gion de la Capitale Nationale<\/li>\n<\/ul>\n<hr \/>\n<h3 class=\"col1-a\">Gestion de Salle de Courrier<\/h3>\n<ul>\n<li>Nous avons une vaste exp\u00e9rience dans la gestion de salles de courrier de l&#8217;embauche et du personnel de planification, \u00e0 la consultation sur les meilleures m\u00e9thodes pour faire de votre salle de courrier terme<\/li>\n<\/ul>\n<hr \/>\n<p><a href=\"http:\/\/quickbusiness.com\/wp-content\/uploads\/2015\/07\/QMS-Service-Area-Map-Francais.png\"><img loading=\"lazy\" class=\"alignleft size-full wp-image-720\" src=\"http:\/\/quickbusiness.com\/wp-content\/uploads\/2015\/07\/QMS-Service-Area-Map-Francais.png\" alt=\"QMS-Service-Area-Map-Francais\" width=\"846\" height=\"612\" srcset=\"https:\/\/quickbusiness.com\/wp-content\/uploads\/2015\/07\/QMS-Service-Area-Map-Francais.png 1090w, https:\/\/quickbusiness.com\/wp-content\/uploads\/2015\/07\/QMS-Service-Area-Map-Francais-300x217.png 300w, https:\/\/quickbusiness.com\/wp-content\/uploads\/2015\/07\/QMS-Service-Area-Map-Francais-1024x740.png 1024w\" sizes=\"(max-width: 846px) 100vw, 846px\" \/><\/a><\/p>\n","protected":false},"excerpt":{"rendered":"<p>Quick Messenger Service a fourni des services de courrier dans la r\u00e9gion d&rsquo;Ottawa-Gatineau depuis plus de 40 ans et est la plus ancienne et la plus grande entreprise de messagerie &hellip; <a href=\"https:\/\/quickbusiness.com\/fr\/nos-services\/\">Read more<\/a><\/p>\n","protected":false},"author":3,"featured_media":0,"parent":0,"menu_order":3,"comment_status":"open","ping_status":"open","template":"","meta":[],"acf":[],"_links":{"self":[{"href":"https:\/\/quickbusiness.com\/fr\/wp-json\/wp\/v2\/pages\/523\/"}],"collection":[{"href":"https:\/\/quickbusiness.com\/fr\/wp-json\/wp\/v2\/pages\/"}],"about":[{"href":"https:\/\/quickbusiness.com\/fr\/wp-json\/wp\/v2\/types\/page\/"}],"author":[{"embeddable":true,"href":"https:\/\/quickbusiness.com\/fr\/wp-json\/wp\/v2\/users\/3\/"}],"replies":[{"embeddable":true,"href":"https:\/\/quickbusiness.com\/fr\/wp-json\/wp\/v2\/comments\/?post=523"}],"version-history":[{"count":23,"href":"https:\/\/quickbusiness.com\/fr\/wp-json\/wp\/v2\/pages\/523\/revisions\/"}],"predecessor-version":[{"id":782,"href":"https:\/\/quickbusiness.com\/fr\/wp-json\/wp\/v2\/pages\/523\/revisions\/782\/"}],"wp:attachment":[{"href":"https:\/\/quickbusiness.com\/fr\/wp-json\/wp\/v2\/media\/?parent=523"}],"curies":[{"name":"wp","href":"https:\/\/api.w.org\/{rel}","templated":true}]}}