{"id":326,"date":"2015-03-23T18:26:22","date_gmt":"2015-03-23T18:26:22","guid":{"rendered":"http:\/\/quickbusiness.com\/?page_id=326"},"modified":"2015-07-16T19:56:01","modified_gmt":"2015-07-16T19:56:01","slug":"pourquoi-utiliser-quick","status":"publish","type":"page","link":"https:\/\/quickbusiness.com\/fr\/a-propos-de-nous\/pourquoi-utiliser-quick\/","title":{"rendered":"Pourquoi utiliser Quick?"},"content":{"rendered":"<h3>Exp\u00e9rience<\/h3>\n<p>Quick Messenger fourni des services de messagerie dans la r\u00e9gion d&rsquo;Ottawa, de Gatineau et de la Capitale Nationale (RCN) depuis le 1 F\u00e9vrier 1974. Plus de 40 ans! Pendant toutes ces ann\u00e9es, nous avons offert non seulement des services de messagerie, mais \u00e9galement de camionnage, d&rsquo;entreposage, d\u2019offre de flotte et de gestion des salles de courrier avec un grand succ\u00e8s. Ainsi, la majorit\u00e9\u00a0de vos besoins de transport peuvent \u00eatre satisfaits avec un seul appel.<\/p>\n<hr \/>\n<h3>Fiabilit\u00e9 et Coh\u00e9rence<\/h3>\n<p>Nous sommes les plus rapides! Alors que d&rsquo;autres compagnies subissent des retards, nos clients savent qu&rsquo;ils peuvent compter sur nous. Nous ne prenons pas plus de travail que nous pouvons g\u00e9rer afin de maintenir ce record de fiabilit\u00e9 avec coh\u00e9rence, jour apr\u00e8s jour, ann\u00e9e apr\u00e8s ann\u00e9e.<\/p>\n<hr \/>\n<h3>La S\u00e9curit\u00e9 et la Tranquillit\u00e9 d&rsquo;Esprit<\/h3>\n<p>Avec Quick, l\u2019inqui\u00e9tude face \u00e0 savoir qui va se pr\u00e9senter pour livrer votre envoi prioritaire ou votre document sensible est nulle.\u00a0 La confiance de nos clients a \u00e9t\u00e9 gagn\u00e9 gr\u00e2ce au d\u00e9vouement de notre personnel hautement qualifi\u00e9 et d\u00e9vou\u00e9 de messagers, de cyclistes ainsi que de personnel d&rsquo;exp\u00e9dition, de routage et de services \u00e0 la client\u00e8le. Ils ont en moyenne pr\u00e8s de 14 ann\u00e9es de service (et jusqu&rsquo;\u00e0 30 ans) avec QMS<\/p>\n<hr \/>\n<h3>R\u00e9activit\u00e9<\/h3>\n<p><strong><em>Suivi imm\u00e9diat<\/em><\/strong>, r\u00e9ponse et r\u00e9solution des probl\u00e8mes<\/p>\n<hr \/>\n<h3>Rentabilit\u00e9<\/h3>\n<p>Nous offrons une gamme de service en fonction de vos besoins et des vos d\u00e9lais. De la livraison le lendemain au service d&rsquo;une heure (et encore plus vite!), Vous payez pour ce que vous avez besoin<strong>.<\/strong><\/p>\n<hr \/>\n<h3>Facile d&rsquo;Utilisation<\/h3>\n<p>Quick Messenger a toujours suivi, voir m\u00eame devanc\u00e9, les derni\u00e8res technologies afin de maintenir une offre de service coh\u00e9rente et harmonieuse. Notre logiciel est convivial et facile \u00e0\u00a0utiliser. Il vous permet de placer et de suivre facilement vos commandes en ligne. Toutefois, vous avez toujours l\u2019option de t\u00e9l\u00e9phoner l&rsquo;un de nos repr\u00e9sentants aux services \u00e0 la client\u00e8le courtois et bien inform\u00e9<strong>.<\/strong><\/p>\n<hr \/>\n<h3>Large Eventail de Services<\/h3>\n<p>Notre \u00e9quipe exp\u00e9riment\u00e9e vous aidera \u00e0 trouver la solution \u00e0 tous vos besoins. Que ce soit pour un service local ou hors de la ville, un service de fret ainsi que la gestion des salles de courrier.<\/p>\n","protected":false},"excerpt":{"rendered":"<p>Exp\u00e9rience Quick Messenger fourni des services de messagerie dans la r\u00e9gion d&rsquo;Ottawa, de Gatineau et de la Capitale Nationale (RCN) depuis le 1 F\u00e9vrier 1974. Plus de 40 ans! Pendant &hellip; <a href=\"https:\/\/quickbusiness.com\/fr\/a-propos-de-nous\/pourquoi-utiliser-quick\/\">Read more<\/a><\/p>\n","protected":false},"author":3,"featured_media":0,"parent":511,"menu_order":0,"comment_status":"open","ping_status":"open","template":"","meta":[],"acf":[],"_links":{"self":[{"href":"https:\/\/quickbusiness.com\/fr\/wp-json\/wp\/v2\/pages\/326\/"}],"collection":[{"href":"https:\/\/quickbusiness.com\/fr\/wp-json\/wp\/v2\/pages\/"}],"about":[{"href":"https:\/\/quickbusiness.com\/fr\/wp-json\/wp\/v2\/types\/page\/"}],"author":[{"embeddable":true,"href":"https:\/\/quickbusiness.com\/fr\/wp-json\/wp\/v2\/users\/3\/"}],"replies":[{"embeddable":true,"href":"https:\/\/quickbusiness.com\/fr\/wp-json\/wp\/v2\/comments\/?post=326"}],"version-history":[{"count":8,"href":"https:\/\/quickbusiness.com\/fr\/wp-json\/wp\/v2\/pages\/326\/revisions\/"}],"predecessor-version":[{"id":618,"href":"https:\/\/quickbusiness.com\/fr\/wp-json\/wp\/v2\/pages\/326\/revisions\/618\/"}],"up":[{"embeddable":true,"href":"https:\/\/quickbusiness.com\/fr\/wp-json\/wp\/v2\/pages\/511\/"}],"wp:attachment":[{"href":"https:\/\/quickbusiness.com\/fr\/wp-json\/wp\/v2\/media\/?parent=326"}],"curies":[{"name":"wp","href":"https:\/\/api.w.org\/{rel}","templated":true}]}}