{"id":539,"date":"2015-07-14T14:00:41","date_gmt":"2015-07-14T14:00:41","guid":{"rendered":"http:\/\/quickbusiness.com\/?page_id=539"},"modified":"2015-11-14T15:44:22","modified_gmt":"2015-11-14T15:44:22","slug":"emploi","status":"publish","type":"page","link":"http:\/\/quickbusiness.com\/fr\/emploi\/","title":{"rendered":"Emploi"},"content":{"rendered":"<p>Nous recrutons actuellement des courriers, avec camionette ou voiture, surtout si vous \u00eates capable de travailler l&rsquo;apr\u00e8s-midi.<\/p>\n<p>D&rsquo;une attestation de s\u00e9curit\u00e9 de TPSGC Secret est un atout.<\/p>\n<p>S&rsquo;il vous pla\u00eet visiter notre page &laquo;&nbsp;<a href=\"http:\/\/quickbusiness.com\/fr\/contactez-nous\/\">Nous Contacter<\/a>&nbsp;&raquo; et envoyez-nous un e-mail.<\/p>\n","protected":false},"excerpt":{"rendered":"<p>Nous recrutons actuellement des courriers, avec camionette ou voiture, surtout si vous \u00eates capable de travailler l&rsquo;apr\u00e8s-midi. D&rsquo;une attestation de s\u00e9curit\u00e9 de TPSGC Secret est un atout. S&rsquo;il vous pla\u00eet &hellip; <a href=\"http:\/\/quickbusiness.com\/fr\/emploi\/\">Read more<\/a><\/p>\n","protected":false},"author":3,"featured_media":0,"parent":0,"menu_order":8,"comment_status":"open","ping_status":"open","template":"","meta":[],"acf":[],"_links":{"self":[{"href":"http:\/\/quickbusiness.com\/fr\/wp-json\/wp\/v2\/pages\/539\/"}],"collection":[{"href":"http:\/\/quickbusiness.com\/fr\/wp-json\/wp\/v2\/pages\/"}],"about":[{"href":"http:\/\/quickbusiness.com\/fr\/wp-json\/wp\/v2\/types\/page\/"}],"author":[{"embeddable":true,"href":"http:\/\/quickbusiness.com\/fr\/wp-json\/wp\/v2\/users\/3\/"}],"replies":[{"embeddable":true,"href":"http:\/\/quickbusiness.com\/fr\/wp-json\/wp\/v2\/comments\/?post=539"}],"version-history":[{"count":8,"href":"http:\/\/quickbusiness.com\/fr\/wp-json\/wp\/v2\/pages\/539\/revisions\/"}],"predecessor-version":[{"id":816,"href":"http:\/\/quickbusiness.com\/fr\/wp-json\/wp\/v2\/pages\/539\/revisions\/816\/"}],"wp:attachment":[{"href":"http:\/\/quickbusiness.com\/fr\/wp-json\/wp\/v2\/media\/?parent=539"}],"curies":[{"name":"wp","href":"https:\/\/api.w.org\/{rel}","templated":true}]}}