{"id":536,"date":"2015-07-14T13:56:08","date_gmt":"2015-07-14T13:56:08","guid":{"rendered":"http:\/\/quickbusiness.com\/?page_id=536"},"modified":"2015-07-20T15:06:31","modified_gmt":"2015-07-20T15:06:31","slug":"gestion-de-salle-de-courrier","status":"publish","type":"page","link":"http:\/\/quickbusiness.com\/fr\/nos-services\/gestion-de-salle-de-courrier\/","title":{"rendered":"Gestion de Salle de Courrier"},"content":{"rendered":"<p>Nous avons une vaste exp\u00e9rience dans la gestion de salles de courrier de l&#8217;embauche et du personnel de planification, \u00e0 la consultation sur les meilleures m\u00e9thodes pour faire de votre salle de courrier terme.<\/p>\n","protected":false},"excerpt":{"rendered":"<p>Nous avons une vaste exp\u00e9rience dans la gestion de salles de courrier de l&#8217;embauche et du personnel de planification, \u00e0 la consultation sur les meilleures m\u00e9thodes pour faire de votre &hellip; <a href=\"http:\/\/quickbusiness.com\/fr\/nos-services\/gestion-de-salle-de-courrier\/\">Read more<\/a><\/p>\n","protected":false},"author":3,"featured_media":0,"parent":523,"menu_order":7,"comment_status":"open","ping_status":"open","template":"","meta":[],"acf":[],"_links":{"self":[{"href":"http:\/\/quickbusiness.com\/fr\/wp-json\/wp\/v2\/pages\/536\/"}],"collection":[{"href":"http:\/\/quickbusiness.com\/fr\/wp-json\/wp\/v2\/pages\/"}],"about":[{"href":"http:\/\/quickbusiness.com\/fr\/wp-json\/wp\/v2\/types\/page\/"}],"author":[{"embeddable":true,"href":"http:\/\/quickbusiness.com\/fr\/wp-json\/wp\/v2\/users\/3\/"}],"replies":[{"embeddable":true,"href":"http:\/\/quickbusiness.com\/fr\/wp-json\/wp\/v2\/comments\/?post=536"}],"version-history":[{"count":3,"href":"http:\/\/quickbusiness.com\/fr\/wp-json\/wp\/v2\/pages\/536\/revisions\/"}],"predecessor-version":[{"id":667,"href":"http:\/\/quickbusiness.com\/fr\/wp-json\/wp\/v2\/pages\/536\/revisions\/667\/"}],"up":[{"embeddable":true,"href":"http:\/\/quickbusiness.com\/fr\/wp-json\/wp\/v2\/pages\/523\/"}],"wp:attachment":[{"href":"http:\/\/quickbusiness.com\/fr\/wp-json\/wp\/v2\/media\/?parent=536"}],"curies":[{"name":"wp","href":"https:\/\/api.w.org\/{rel}","templated":true}]}}