{"id":525,"date":"2015-07-14T13:52:11","date_gmt":"2015-07-14T13:52:11","guid":{"rendered":"http:\/\/quickbusiness.com\/?page_id=525"},"modified":"2015-08-07T18:21:22","modified_gmt":"2015-08-07T18:21:22","slug":"courriermessager-local-sur-demande","status":"publish","type":"page","link":"http:\/\/quickbusiness.com\/fr\/nos-services\/courriermessager-local-sur-demande\/","title":{"rendered":"Courrier \/ Messager Local Sur Demande"},"content":{"rendered":"<p>Le co\u00fbt est d\u00e9termin\u00e9 en fonction de la priorit\u00e9<\/p>\n<hr \/>\n<h3 class=\"col1-a\">Imm\u00e9diat<\/h3>\n<ul>\n<li class=\"col2-a\">Centre-ville (Ottawa) au centre-ville, \u00e0 livrer dans les 30 minutes de l&rsquo;heure de la commande<\/li>\n<li class=\"col2-a\">Ramass\u00e9 ou livr\u00e9 du centre-ville d&nbsp;&raquo;Ottawa au centre-ville de Gatineau est livr\u00e9 dans les 45minutes<\/li>\n<li class=\"col2-a\"><span style=\"line-height: 1.5;\">En dehors du centre-ville, ramass\u00e9 et livr\u00e9 imm\u00e9diatement<\/span><\/li>\n<\/ul>\n<hr \/>\n<h3 class=\"col1-a\">PRIORITAIRE<\/h3>\n<ul>\n<li class=\"col2-a\">Livr\u00e9 en 1 heure dans la majorit\u00e9 de la ville (Voir carte des zones de service ci-dessous)<\/li>\n<\/ul>\n<hr \/>\n<h3>URGENT<\/h3>\n<ul>\n<li class=\"col2-a\">Livr\u00e9 dans les 2 heures dans la majorit\u00e9 de la ville (Voir carte des zones de service ci-dessous)<\/li>\n<\/ul>\n<hr \/>\n<h3 class=\"col1-a\">ECONOMIE<\/h3>\n<ul>\n<li class=\"col2-a\">Command\u00e9 en avant-midi, il sera livr\u00e9 le m\u00eame apr\u00e8s-midi avant 17h00<\/li>\n<li class=\"col2-a\">Command\u00e9 apr\u00e8s midi, il sera livr\u00e9 le lendemain matin d&rsquo;affaires avant midi<\/li>\n<\/ul>\n<hr \/>\n<p><a href=\"http:\/\/quickbusiness.com\/wp-content\/uploads\/2015\/07\/QMS-Service-Area-Map-Francais.png\"><img loading=\"lazy\" class=\"alignleft size-full wp-image-720\" src=\"http:\/\/quickbusiness.com\/wp-content\/uploads\/2015\/07\/QMS-Service-Area-Map-Francais.png\" alt=\"QMS-Service-Area-Map-Francais\" width=\"846\" height=\"612\" srcset=\"http:\/\/quickbusiness.com\/wp-content\/uploads\/2015\/07\/QMS-Service-Area-Map-Francais.png 1090w, http:\/\/quickbusiness.com\/wp-content\/uploads\/2015\/07\/QMS-Service-Area-Map-Francais-300x217.png 300w, http:\/\/quickbusiness.com\/wp-content\/uploads\/2015\/07\/QMS-Service-Area-Map-Francais-1024x740.png 1024w\" sizes=\"(max-width: 846px) 100vw, 846px\" \/><\/a><\/p>\n","protected":false},"excerpt":{"rendered":"<p>Le co\u00fbt est d\u00e9termin\u00e9 en fonction de la priorit\u00e9 Imm\u00e9diat Centre-ville (Ottawa) au centre-ville, \u00e0 livrer dans les 30 minutes de l&rsquo;heure de la commande Ramass\u00e9 ou livr\u00e9 du centre-ville &hellip; <a href=\"http:\/\/quickbusiness.com\/fr\/nos-services\/courriermessager-local-sur-demande\/\">Read more<\/a><\/p>\n","protected":false},"author":3,"featured_media":0,"parent":523,"menu_order":0,"comment_status":"open","ping_status":"closed","template":"","meta":[],"acf":[],"_links":{"self":[{"href":"http:\/\/quickbusiness.com\/fr\/wp-json\/wp\/v2\/pages\/525\/"}],"collection":[{"href":"http:\/\/quickbusiness.com\/fr\/wp-json\/wp\/v2\/pages\/"}],"about":[{"href":"http:\/\/quickbusiness.com\/fr\/wp-json\/wp\/v2\/types\/page\/"}],"author":[{"embeddable":true,"href":"http:\/\/quickbusiness.com\/fr\/wp-json\/wp\/v2\/users\/3\/"}],"replies":[{"embeddable":true,"href":"http:\/\/quickbusiness.com\/fr\/wp-json\/wp\/v2\/comments\/?post=525"}],"version-history":[{"count":15,"href":"http:\/\/quickbusiness.com\/fr\/wp-json\/wp\/v2\/pages\/525\/revisions\/"}],"predecessor-version":[{"id":723,"href":"http:\/\/quickbusiness.com\/fr\/wp-json\/wp\/v2\/pages\/525\/revisions\/723\/"}],"up":[{"embeddable":true,"href":"http:\/\/quickbusiness.com\/fr\/wp-json\/wp\/v2\/pages\/523\/"}],"wp:attachment":[{"href":"http:\/\/quickbusiness.com\/fr\/wp-json\/wp\/v2\/media\/?parent=525"}],"curies":[{"name":"wp","href":"https:\/\/api.w.org\/{rel}","templated":true}]}}