{"id":519,"date":"2015-07-14T13:40:37","date_gmt":"2015-07-14T13:40:37","guid":{"rendered":"http:\/\/quickbusiness.com\/?page_id=519"},"modified":"2015-09-23T17:28:03","modified_gmt":"2015-09-23T17:28:03","slug":"contactez-nous","status":"publish","type":"page","link":"http:\/\/quickbusiness.com\/fr\/contactez-nous\/","title":{"rendered":"Contactez nous"},"content":{"rendered":"<div class=\"row\">\n<div class=\"col-sm-6\">\n<div role=\"form\" class=\"wpcf7\" id=\"wpcf7-f521-o1\" dir=\"ltr\">\n<div class=\"screen-reader-response\"><p role=\"status\" aria-live=\"polite\" aria-atomic=\"true\"><\/p> <ul><\/ul><\/div>\n<form action=\"\/fr\/wp-json\/wp\/v2\/pages\/519\/#wpcf7-f521-o1\" method=\"post\" class=\"wpcf7-form init\" novalidate=\"novalidate\" data-status=\"init\">\n<div style=\"display: none;\">\n<input type=\"hidden\" name=\"_wpcf7\" value=\"521\" \/>\n<input type=\"hidden\" name=\"_wpcf7_version\" value=\"5.5.6\" \/>\n<input type=\"hidden\" name=\"_wpcf7_locale\" value=\"\" \/>\n<input type=\"hidden\" name=\"_wpcf7_unit_tag\" value=\"wpcf7-f521-o1\" \/>\n<input type=\"hidden\" name=\"_wpcf7_container_post\" value=\"0\" \/>\n<input type=\"hidden\" name=\"_wpcf7_posted_data_hash\" value=\"\" \/>\n<\/div>\n<p>Votre nom *<br \/>\n    <span class=\"wpcf7-form-control-wrap your-name\"><input type=\"text\" name=\"your-name\" value=\"\" size=\"40\" class=\"wpcf7-form-control wpcf7-text wpcf7-validates-as-required\" aria-required=\"true\" aria-invalid=\"false\" \/><\/span> <\/p>\n<p>Votre courriel *<br \/>\n    <span class=\"wpcf7-form-control-wrap your-email\"><input type=\"email\" name=\"your-email\" value=\"\" size=\"40\" class=\"wpcf7-form-control wpcf7-text wpcf7-email wpcf7-validates-as-required wpcf7-validates-as-email\" aria-required=\"true\" aria-invalid=\"false\" \/><\/span> <\/p>\n<p>Votre num\u00e9ro de t\u00e9l\u00e9phone *<br \/>\n    <span class=\"wpcf7-form-control-wrap tel-number\"><input type=\"tel\" name=\"tel-number\" value=\"\" size=\"40\" class=\"wpcf7-form-control wpcf7-text wpcf7-tel wpcf7-validates-as-required wpcf7-validates-as-tel\" aria-required=\"true\" aria-invalid=\"false\" \/><\/span> <\/p>\n<p>Sujet<br \/>\n    <span class=\"wpcf7-form-control-wrap your-subject\"><input type=\"text\" name=\"your-subject\" value=\"\" size=\"40\" class=\"wpcf7-form-control wpcf7-text\" aria-invalid=\"false\" \/><\/span> <\/p>\n<p>Votre message<br \/>\n    <span class=\"wpcf7-form-control-wrap your-message\"><textarea name=\"your-message\" cols=\"40\" rows=\"10\" class=\"wpcf7-form-control wpcf7-textarea\" aria-invalid=\"false\"><\/textarea><\/span> <\/p>\n<p><input type=\"hidden\" name=\"contact_form_7_recaptcha\" value=\"g-recaptcha-mPnnCKRefgVdDDi\" class=\"g-recaptcha-explicit-id\"><div id=\"g-recaptcha-mPnnCKRefgVdDDi\"><\/div><span class=\"wpcf7-form-control-wrap g-recaptcha-explicit\" data-sitekey=\"6LdfJQoTAAAAAGPry4fD0a7Kxj5C_Cj2FHHwO0xB\"><\/span><\/p>\n<p><input type=\"submit\" value=\"Envoyer\" class=\"wpcf7-form-control has-spinner wpcf7-submit\" \/><\/p>\n<p style=\"display: none !important;\"><label>&#916;<textarea name=\"_wpcf7_ak_hp_textarea\" cols=\"45\" rows=\"8\" maxlength=\"100\"><\/textarea><\/label><input type=\"hidden\" id=\"ak_js_1\" name=\"_wpcf7_ak_js\" value=\"231\"\/><script>document.getElementById( \"ak_js_1\" ).setAttribute( \"value\", ( new Date() ).getTime() );<\/script><\/p><div class=\"wpcf7-response-output\" aria-hidden=\"true\"><\/div><\/form><\/div><br \/>\n<\/div>\n<div class=\"col-sm-6\">\n<strong><em>VOUS N&rsquo;AVEZ PAS DE COMPTE? \u00a0<\/em> \u00a0 \u00a0 \u00a0 \u00a0INSCRIVEZ-VOUS MAINTENANT!<\/strong><br \/>\nIl suffit de remplir le formulaire \u00e0 gauche, ou composez le 613-234-4000!<\/p>\n<h3>HEURES D&rsquo;OUVERTURE<\/h3>\n<p>24 heures par jour \/ 365 jours par an<\/p>\n<h3>Jamais\u00a0ferm\u00e9<\/h3>\n<p>Les commandes hors les heures d&rsquo;administration, doivent \u00eatre plac\u00e9es par t\u00e9l\u00e9phone. Il suffit d&rsquo;appeler le m\u00eame num\u00e9ro: 613-234-4000<\/p>\n<hr \/>\n<h3>T\u00c9L\u00c9PHONE:<\/h3>\n<p> \u00a0 \u00a0ou \u00a0613-800-8332<\/p>\n<h3>Courriel:<\/h3>\n<p><a href=\"mailto:info@quickbusiness.com\">info@quickbusiness.com<\/a><\/p>\n<h3>Adresse:<\/h3>\n<p><\/p>\n<\/div>\n<\/div>\n","protected":false},"excerpt":{"rendered":"","protected":false},"author":3,"featured_media":0,"parent":0,"menu_order":15,"comment_status":"open","ping_status":"open","template":"page-onecol.php","meta":[],"acf":[],"_links":{"self":[{"href":"http:\/\/quickbusiness.com\/fr\/wp-json\/wp\/v2\/pages\/519\/"}],"collection":[{"href":"http:\/\/quickbusiness.com\/fr\/wp-json\/wp\/v2\/pages\/"}],"about":[{"href":"http:\/\/quickbusiness.com\/fr\/wp-json\/wp\/v2\/types\/page\/"}],"author":[{"embeddable":true,"href":"http:\/\/quickbusiness.com\/fr\/wp-json\/wp\/v2\/users\/3\/"}],"replies":[{"embeddable":true,"href":"http:\/\/quickbusiness.com\/fr\/wp-json\/wp\/v2\/comments\/?post=519"}],"version-history":[{"count":13,"href":"http:\/\/quickbusiness.com\/fr\/wp-json\/wp\/v2\/pages\/519\/revisions\/"}],"predecessor-version":[{"id":792,"href":"http:\/\/quickbusiness.com\/fr\/wp-json\/wp\/v2\/pages\/519\/revisions\/792\/"}],"wp:attachment":[{"href":"http:\/\/quickbusiness.com\/fr\/wp-json\/wp\/v2\/media\/?parent=519"}],"curies":[{"name":"wp","href":"https:\/\/api.w.org\/{rel}","templated":true}]}}