{"id":516,"date":"2015-07-14T13:32:15","date_gmt":"2015-07-14T13:32:15","guid":{"rendered":"http:\/\/quickbusiness.com\/?page_id=516"},"modified":"2015-07-16T19:42:48","modified_gmt":"2015-07-16T19:42:48","slug":"developpement-durable","status":"publish","type":"page","link":"http:\/\/quickbusiness.com\/fr\/a-propos-de-nous\/developpement-durable\/","title":{"rendered":"D\u00e9veloppement Durable"},"content":{"rendered":"<p>Quick Messenger a une longue histoire de pr\u00e9occupation pour les questions d&rsquo;environnement et d&rsquo;autres relatives \u00e0 la croissance durable.<\/p>\n<p>Dans les ann\u00e9es 1980, nous \u00e9tions les premiers sur le march\u00e9 de messagerie locale Ottawa \u00e0 introduire des syst\u00e8mes manifestes qui enregistrent de nombreuses livraisons sur une seule page, r\u00e9duisant ainsi consid\u00e9rablement le volume de papier g\u00e9n\u00e9r\u00e9 par notre activit\u00e9.<\/p>\n<p>Nous avons exploit\u00e9 avec une syst\u00e8me de gestion d&rsquo;exp\u00e9dition sans support- papier, pour de nombreuses ann\u00e9es. Ceci r\u00e9duit une fois de plus l&rsquo;utilisation de papier, avec son impact b\u00e9n\u00e9fique sur l&rsquo;environnement. Tout visiteur de notre bureau remarquera l&rsquo;absence des tas de papier normalement vus dans un bureau de messagerie.<\/p>\n<p>Peut-\u00eatre la plus grande contribution a \u00e9t\u00e9 l&rsquo;utilisation de messagers \u00e0 v\u00e9lo dans le centre-ville \u00e0 la place de voitures. M\u00eame si l&rsquo;envoi est destin\u00e9 \u00e0 l&rsquo;ext\u00e9rieur du centre-ville, le courrier de v\u00e9los &laquo;&nbsp;remet le tout&nbsp;&raquo; \u00e0 un courrier de voiture ou une camionnette pour effectuer la livraison. Cela se fait \u00e0 travers notre &laquo;&nbsp;hub and spoke&nbsp;&raquo; syst\u00e8me de distribution. En perfectionnant l&rsquo;efficacit\u00e9 de ce syst\u00e8me au cours des 20 derni\u00e8res ann\u00e9es, nous restons la seule entreprise de messagerie locale dans la r\u00e9gion avec ce type d&rsquo;op\u00e9ration. En utilisant des messagers v\u00e9lo plus, les \u00e9missions sont consid\u00e9rablement r\u00e9duits.<\/p>\n<p>Cela nous a permis de cro\u00eetre de mani\u00e8re rentable et ainsi employons moins de ressources rares \u00e0 le faire.<\/p>\n","protected":false},"excerpt":{"rendered":"<p>Quick Messenger a une longue histoire de pr\u00e9occupation pour les questions d&rsquo;environnement et d&rsquo;autres relatives \u00e0 la croissance durable. Dans les ann\u00e9es 1980, nous \u00e9tions les premiers sur le march\u00e9 &hellip; <a href=\"http:\/\/quickbusiness.com\/fr\/a-propos-de-nous\/developpement-durable\/\">Read more<\/a><\/p>\n","protected":false},"author":3,"featured_media":0,"parent":511,"menu_order":6,"comment_status":"open","ping_status":"open","template":"","meta":[],"acf":[],"_links":{"self":[{"href":"http:\/\/quickbusiness.com\/fr\/wp-json\/wp\/v2\/pages\/516\/"}],"collection":[{"href":"http:\/\/quickbusiness.com\/fr\/wp-json\/wp\/v2\/pages\/"}],"about":[{"href":"http:\/\/quickbusiness.com\/fr\/wp-json\/wp\/v2\/types\/page\/"}],"author":[{"embeddable":true,"href":"http:\/\/quickbusiness.com\/fr\/wp-json\/wp\/v2\/users\/3\/"}],"replies":[{"embeddable":true,"href":"http:\/\/quickbusiness.com\/fr\/wp-json\/wp\/v2\/comments\/?post=516"}],"version-history":[{"count":6,"href":"http:\/\/quickbusiness.com\/fr\/wp-json\/wp\/v2\/pages\/516\/revisions\/"}],"predecessor-version":[{"id":616,"href":"http:\/\/quickbusiness.com\/fr\/wp-json\/wp\/v2\/pages\/516\/revisions\/616\/"}],"up":[{"embeddable":true,"href":"http:\/\/quickbusiness.com\/fr\/wp-json\/wp\/v2\/pages\/511\/"}],"wp:attachment":[{"href":"http:\/\/quickbusiness.com\/fr\/wp-json\/wp\/v2\/media\/?parent=516"}],"curies":[{"name":"wp","href":"https:\/\/api.w.org\/{rel}","templated":true}]}}