{"id":511,"date":"2015-07-14T13:29:20","date_gmt":"2015-07-14T13:29:20","guid":{"rendered":"http:\/\/quickbusiness.com\/?page_id=511"},"modified":"2015-08-28T13:47:36","modified_gmt":"2015-08-28T13:47:36","slug":"a-propos-de-nous","status":"publish","type":"page","link":"http:\/\/quickbusiness.com\/fr\/a-propos-de-nous\/","title":{"rendered":"\u00c0 propos de nous"},"content":{"rendered":"<div class=\"row\">\n<div class=\"col-sm-4\">\n<p>NOTRE EXP\u00c9RIENCE<\/p>\n<p>Quick Messenger Service a fourni des services de courrier dans la r\u00e9gion d&rsquo;Ottawa-Gatineau depuis plus de 40 ans et est la plus ancienne et la plus grande entreprise de messagerie dans la region. Avec une grande \u00e9quipe de cyclistes, messagers et le personnel de service \u00e0 la client\u00e8le, Quick Messenger Service donne \u00e0 ses clients la s\u00e9curit\u00e9 et le confort de savoir que nous livrons \u00e0 temps. De la livraison \u00e0 la demande \u00e0 un pr\u00e9avis de moment, \u00e0 l&rsquo;entreposage, la distribution et trajets r\u00e9guliers , Quick Messenger Service est l\u00e0!<br \/>\n<\/div>\n<div class=\"col-sm-4\">\n<p>FACTURATION PERSONNALIS\u00c9E<\/p>\n<p>Vos factures peuvent \u00eatre d\u00e9taill\u00e9es, r\u00e9f\u00e9renc\u00e9es, regroup\u00e9es, selon vos codes de co\u00fbts, les centres de responsabilit\u00e9, num\u00e9ro de fichiers &#8211; comme <em>vous<\/em> le d\u00e9sirez.<\/p>\n<\/div>\n<div class=\"col-sm-4\">\n<p>SERVICE DANS LE MONDE ENTIER<\/p>\n<p>Vous pouvez envoyer toutes vos livraisons avec Quick Messenger Service, peu importe o\u00f9 elles vont. Nous pouvons le faire! Vous obtenez une seule facture pour tous vos besoins de messagerie.<br \/>\n<\/div>\n<\/div>\n","protected":false},"excerpt":{"rendered":"","protected":false},"author":3,"featured_media":0,"parent":0,"menu_order":2,"comment_status":"open","ping_status":"open","template":"","meta":[],"acf":[],"_links":{"self":[{"href":"http:\/\/quickbusiness.com\/fr\/wp-json\/wp\/v2\/pages\/511\/"}],"collection":[{"href":"http:\/\/quickbusiness.com\/fr\/wp-json\/wp\/v2\/pages\/"}],"about":[{"href":"http:\/\/quickbusiness.com\/fr\/wp-json\/wp\/v2\/types\/page\/"}],"author":[{"embeddable":true,"href":"http:\/\/quickbusiness.com\/fr\/wp-json\/wp\/v2\/users\/3\/"}],"replies":[{"embeddable":true,"href":"http:\/\/quickbusiness.com\/fr\/wp-json\/wp\/v2\/comments\/?post=511"}],"version-history":[{"count":16,"href":"http:\/\/quickbusiness.com\/fr\/wp-json\/wp\/v2\/pages\/511\/revisions\/"}],"predecessor-version":[{"id":783,"href":"http:\/\/quickbusiness.com\/fr\/wp-json\/wp\/v2\/pages\/511\/revisions\/783\/"}],"wp:attachment":[{"href":"http:\/\/quickbusiness.com\/fr\/wp-json\/wp\/v2\/media\/?parent=511"}],"curies":[{"name":"wp","href":"https:\/\/api.w.org\/{rel}","templated":true}]}}