{"id":379,"date":"2015-06-17T19:59:02","date_gmt":"2015-06-17T19:59:02","guid":{"rendered":"http:\/\/quickbusiness.com\/?page_id=379"},"modified":"2015-07-15T14:44:56","modified_gmt":"2015-07-15T14:44:56","slug":"379-2","status":"publish","type":"page","link":"http:\/\/quickbusiness.com\/fr\/a-propos-de-nous\/379-2\/","title":{"rendered":"Notre Mission"},"content":{"rendered":"<h2>S\u00e9rieux d&rsquo;\u00eatre \u00e0 l&rsquo;heure POUR PLUS DE 40 ANS!<\/h2>\n","protected":false},"excerpt":{"rendered":"<p>S\u00e9rieux d&rsquo;\u00eatre \u00e0 l&rsquo;heure POUR PLUS DE 40 ANS!<\/p>\n","protected":false},"author":5,"featured_media":0,"parent":511,"menu_order":3,"comment_status":"open","ping_status":"open","template":"","meta":[],"acf":[],"_links":{"self":[{"href":"http:\/\/quickbusiness.com\/fr\/wp-json\/wp\/v2\/pages\/379\/"}],"collection":[{"href":"http:\/\/quickbusiness.com\/fr\/wp-json\/wp\/v2\/pages\/"}],"about":[{"href":"http:\/\/quickbusiness.com\/fr\/wp-json\/wp\/v2\/types\/page\/"}],"author":[{"embeddable":true,"href":"http:\/\/quickbusiness.com\/fr\/wp-json\/wp\/v2\/users\/5\/"}],"replies":[{"embeddable":true,"href":"http:\/\/quickbusiness.com\/fr\/wp-json\/wp\/v2\/comments\/?post=379"}],"version-history":[{"count":9,"href":"http:\/\/quickbusiness.com\/fr\/wp-json\/wp\/v2\/pages\/379\/revisions\/"}],"predecessor-version":[{"id":582,"href":"http:\/\/quickbusiness.com\/fr\/wp-json\/wp\/v2\/pages\/379\/revisions\/582\/"}],"up":[{"embeddable":true,"href":"http:\/\/quickbusiness.com\/fr\/wp-json\/wp\/v2\/pages\/511\/"}],"wp:attachment":[{"href":"http:\/\/quickbusiness.com\/fr\/wp-json\/wp\/v2\/media\/?parent=379"}],"curies":[{"name":"wp","href":"https:\/\/api.w.org\/{rel}","templated":true}]}}