{"id":235,"date":"2012-08-15T15:28:52","date_gmt":"2012-08-15T15:28:52","guid":{"rendered":"http:\/\/localhost\/quick\/home-2\/"},"modified":"2015-12-18T21:54:50","modified_gmt":"2015-12-18T21:54:50","slug":"home","status":"publish","type":"page","link":"http:\/\/quickbusiness.com\/fr\/","title":{"rendered":"Accueil"},"content":{"rendered":"<h2>QUICK MESSENGER SERVICE<\/h2>\n<p>Qu&rsquo;est-ce qui d\u00e9finit notre nom? &laquo;&nbsp;Quick (Rapide)&nbsp;&raquo; et &laquo;&nbsp;Service&nbsp;&raquo;, direct tout en illustrant clairement notre mission. Le mot du centre, m\u00eame s&rsquo;il d\u00e9crit avec pr\u00e9cision ce que nous avions initialement pr\u00e9vu de faire, est \u00e9largi pour inclure un large \u00e9ventail de services de transport. Le service au lendemain, le camionnage, l&rsquo;entreposage, l\u2019offre de flotte et la gestion de salle de courrier sont quelques-uns des domaines que nous avons d\u00e9velopp\u00e9s avec succ\u00e8s. Devrions-nous changer notre nom \u00e0 &laquo;&nbsp;Services de Transport Quick&nbsp;&raquo;?<\/p>\n","protected":false},"excerpt":{"rendered":"<p>QUICK MESSENGER SERVICE Qu&rsquo;est-ce qui d\u00e9finit notre nom? &laquo;&nbsp;Quick (Rapide)&nbsp;&raquo; et &laquo;&nbsp;Service&nbsp;&raquo;, direct tout en illustrant clairement notre mission. Le mot du centre, m\u00eame s&rsquo;il d\u00e9crit avec pr\u00e9cision ce que &hellip; <a href=\"http:\/\/quickbusiness.com\/fr\/\">Read more<\/a><\/p>\n","protected":false},"author":3,"featured_media":228,"parent":0,"menu_order":0,"comment_status":"open","ping_status":"open","template":"","meta":[],"acf":[],"_links":{"self":[{"href":"http:\/\/quickbusiness.com\/fr\/wp-json\/wp\/v2\/pages\/235\/"}],"collection":[{"href":"http:\/\/quickbusiness.com\/fr\/wp-json\/wp\/v2\/pages\/"}],"about":[{"href":"http:\/\/quickbusiness.com\/fr\/wp-json\/wp\/v2\/types\/page\/"}],"author":[{"embeddable":true,"href":"http:\/\/quickbusiness.com\/fr\/wp-json\/wp\/v2\/users\/3\/"}],"replies":[{"embeddable":true,"href":"http:\/\/quickbusiness.com\/fr\/wp-json\/wp\/v2\/comments\/?post=235"}],"version-history":[{"count":50,"href":"http:\/\/quickbusiness.com\/fr\/wp-json\/wp\/v2\/pages\/235\/revisions\/"}],"predecessor-version":[{"id":862,"href":"http:\/\/quickbusiness.com\/fr\/wp-json\/wp\/v2\/pages\/235\/revisions\/862\/"}],"wp:featuredmedia":[{"embeddable":true,"href":"http:\/\/quickbusiness.com\/fr\/wp-json\/wp\/v2\/media\/228\/"}],"wp:attachment":[{"href":"http:\/\/quickbusiness.com\/fr\/wp-json\/wp\/v2\/media\/?parent=235"}],"curies":[{"name":"wp","href":"https:\/\/api.w.org\/{rel}","templated":true}]}}